{"id":10825,"date":"2013-07-24T10:40:13","date_gmt":"2013-07-24T10:40:13","guid":{"rendered":"https:\/\/www.sklep.demarco.pl\/blog\/?page_id=10825"},"modified":"2023-07-28T14:57:42","modified_gmt":"2023-07-28T14:57:42","slug":"contact","status":"publish","type":"page","link":"https:\/\/www.sklep.demarco.pl\/blog\/en\/contact\/","title":{"rendered":"Contact"},"content":{"rendered":"<!--themify_builder_content-->\n<div id=\"themify_builder_content-10825\" data-postid=\"10825\" class=\"themify_builder_content themify_builder_content-10825 themify_builder tf_clear\">\n                    <div  data-css_id=\"v23q251\" data-lazy=\"1\" class=\"module_row themify_builder_row fullwidth tb_v23q251 tb_first tf_w\">\n                        <div class=\"row_inner col_align_top tb_col_count_1 tf_box tf_rel\">\n                        <div  data-lazy=\"1\" class=\"module_column tb-column col-full tb_eup0252 first\">\n                    <!-- module image -->\n<div  class=\"module module-image tb_0o6s252 image-center   tf_mw hover-wow\" data-tf-animation_hover=\"pulse\" data-lazy=\"1\">\n        <div class=\"image-wrap tf_rel tf_mw\">\n            <a href=\"https:\/\/www.sklep.demarco.pl\/blog\/en\/\">\n                   <img loading=\"lazy\" decoding=\"async\" src=\"https:\/\/www.sklep.demarco.pl\/blog\/wp-content\/uploads\/2022\/06\/signal-2022-06-06-174448_001-281x81.png\" width=\"281\" height=\"81\" class=\"wp-post-image wp-image-7860\" title=\"signal-2022-06-06-174448_001\" alt=\"signal-2022-06-06-174448_001\">        <\/a>\n    \n        <\/div>\n    <!-- \/image-wrap -->\n    \n        <\/div>\n<!-- \/module image --><!-- module menu -->\n<div  class=\"module module-menu tb_ghqx252  mobile-menu-slide\" data-menu-style=\"mobile-menu-slide\" data-menu-breakpoint=\"0\" data-element-id=\"tb_ghqx252\" data-lazy=\"1\">\n        \n    <div class=\"module-menu-container\"><ul id=\"menu-en-menu-demarco\" class=\"ui tf_clearfix nav tf_rel tf_scrollbar fullwidth transparent\"><li id=\"menu-item-10834\" class=\"menu-item-custom-10834 menu-item menu-item-type-custom menu-item-object-custom menu-item-10834\"><a href=\"https:\/\/www.sklep.demarco.pl\/pl\/\">SHOP<\/a><\/li>\n<li id=\"menu-item-10833\" class=\"menu-item-page-10825 menu-item menu-item-type-post_type menu-item-object-page menu-item-10833\"><a href=\"https:\/\/www.sklep.demarco.pl\/blog\/en\/contact\/\">CONTACT<\/a><\/li>\n<li id=\"menu-item-10835\" class=\"menu-item-custom-10835 menu-item menu-item-type-custom menu-item-object-custom menu-item-10835\"><a href=\"#pll_switcher\">J\u0119zyki<\/a><\/li>\n<\/ul><\/div>        <style>\n            .mobile-menu-module[data-module=\"tb_ghqx252\"]{\n                right:-300px            }\n        <\/style>\n    <\/div>\n<!-- \/module menu -->\n        <\/div>\n                        <\/div>\n        <\/div>\n                        <div  data-css_id=\"c9g2233\" data-lazy=\"1\" class=\"module_row themify_builder_row fullwidth tb_c9g2233 tf_w\">\n                        <div class=\"row_inner col_align_top tb_col_count_1 tf_box tf_rel\">\n                        <div  data-lazy=\"1\" class=\"module_column tb-column col-full tb_fwfa234 first\">\n                    <!-- module map -->\n<div  class=\"module module-map tb_1y4x706 \">\n                                    <link rel=\"preconnect\" href=\"https:\/\/maps.googleapis.com\" crossorigin\/>\n                <div data-lazy=\"1\"             data-map-provider=\"google\"\n                            data-mapid=\"\"\n             \n            data-address=\"34-108 Frydrychowice, ul. Centralna 59\"\n            data-zoom=\"9\"\n            data-type=\"ROADMAP\"\n            data-scroll=\"1\"\n            data-drag=\"1\"\n            data-mdrag=\"1\"\n            data-control=\"\"\n            class=\"tf_lazy themify_map\"\n            style=\"width:100%;height:300px;\"\n            data-info-window=\"Salon Mody De Marco\nAtelier W\u0142adys\u0142awy Fr\u0105czek\n34-108 Frydrychowice, ul. Centralna 59\"\n            data-reverse-geocoding=\"\">\n        <\/div>\n    <\/div>\n<!-- \/module map -->\n<!-- module text -->\n<div  class=\"module module-text tb_umrx552   \" data-lazy=\"1\">\n        <div  class=\"tb_text_wrap\">\n        <h3 class=\"fancy-heading tf_textc\" style=\"text-align: center;\">During the processing of an order placed through the De Marco online shop, <br \/>we maintain e-mail contact. <br \/>Please send all additional questions to <br \/>renia@sklep.demarco.pl <br \/>sklep.demarco@gmail.com.<\/h3>    <\/div>\n<\/div>\n<!-- \/module text --><!-- module divider -->\n<div  class=\"module tf_mw module-divider tb_g1o6505 solid  divider-custom divider-center hover-wow wow\" data-tf-animation_hover=\"rubberBand\" data-tf-animation=\"fadeIn\" style=\"border-width: 1px;border-color: #25292c;max-width: 150px;\" data-lazy=\"1\">\n    <\/div>\n<!-- \/module divider -->\n<!-- module text -->\n<div  class=\"module module-text tb_w5uf216   \" data-lazy=\"1\">\n        <div  class=\"tb_text_wrap\">\n        <div class=\"article-text\">\n<div class=\"article-text\">\n<p style=\"text-align: center;\">Fashion Salon De Marco<\/p>\n<p style=\"text-align: center;\">Wladyslawa Fr\u0105czek Atelier<\/p>\n<p style=\"text-align: center;\">34-108 Frydrychowice, ul. Centralna 59 <br \/>Poland<\/p>\n<p style=\"text-align: center;\"><a href=\"mailto:info@sklep.demarco.pl\">info@sklep.demarco.pl<\/a><br \/><a href=\"mailto:renia@sklep.demarco.pl\">renia@sklep.demarco.pl<\/a><br \/><a href=\"mailto:sklep.demarco@gmail.com\">sklep.demarco@gmail.com<\/a><\/p>\n<p style=\"text-align: center;\">690325099 WhatsApp<\/p>\n<\/div>\n<\/div>    <\/div>\n<\/div>\n<!-- \/module text --><!-- module divider -->\n<div  class=\"module tf_mw module-divider tb_vcvw329 solid  divider-custom divider-center hover-wow wow\" data-tf-animation_hover=\"rubberBand\" data-tf-animation=\"fadeIn\" style=\"border-width: 1px;border-color: #25292c;max-width: 150px;\" data-lazy=\"1\">\n    <\/div>\n<!-- \/module divider -->\n<!-- module text -->\n<div  class=\"module module-text tb_7rye263   \" data-lazy=\"1\">\n        <div  class=\"tb_text_wrap\">\n        <div class=\"article-text\"><div class=\"article-text\"><p style=\"text-align: center;\">Transfer:<br \/>W\u0142adys\u0142awa Fr\u0105czek De Marco<br \/>34-108 Frydrychowice ul. Centralna 59<br \/>ING 40 1050 1100 1000 0023 2539 3664 \u00a0<br \/>International transfer:<br \/>Kod BIC SWIFT:<br \/>INGBPLPW<br \/>PL 40 1050 1100 1000 0023 2539 3664<\/p><\/div><\/div>    <\/div>\n<\/div>\n<!-- \/module text --><!-- module divider -->\n<div  class=\"module tf_mw module-divider tb_3olf273 solid  divider-custom divider-center hover-wow wow\" data-tf-animation_hover=\"rubberBand\" data-tf-animation=\"fadeIn\" style=\"border-width: 1px;border-color: #25292c;max-width: 150px;\" data-lazy=\"1\">\n    <\/div>\n<!-- \/module divider -->\n<!-- module text -->\n<div  class=\"module module-text tb_jgd9897   \" data-lazy=\"1\">\n        <div  class=\"tb_text_wrap\">\n        <div class=\"article-text\">\n<p style=\"text-align: center;\">E mail:\u00a0\u00a0 info@sklep.demarco.pl<br \/>690325099 WhatsApp<\/p>\n<\/div>    <\/div>\n<\/div>\n<!-- \/module text --><!-- module map -->\n<div  class=\"module module-map tb_4g88330 \">\n                    <div data-lazy=\"1\"             data-map-provider=\"bing\"\n             \n            data-address=\"34-108 Frydrychowice, ul. Centralna 59\"\n            data-zoom=\"3\"\n            data-type=\"canvasDark\"\n            data-scroll=\"1\"\n            data-drag=\"1\"\n            data-mdrag=\"1\"\n            data-control=\"\"\n            class=\"tf_lazy themify_map themify_bing_map\"\n            style=\"width:100%;height:300px;\"\n            data-info-window=\"Salon Mody De Marco\nAtelier W\u0142adys\u0142awy Fr\u0105czek\n34-108 Frydrychowice, ul. Centralna 59\"\n            data-reverse-geocoding=\"\">\n        <\/div>\n    <\/div>\n<!-- \/module map -->\n        <\/div>\n                        <\/div>\n        <\/div>\n                        <div  data-lazy=\"1\" class=\"module_row themify_builder_row tb_3tki575 tf_w\">\n                        <div class=\"row_inner col_align_top tb_col_count_1 tf_box tf_rel\">\n                        <div  data-lazy=\"1\" class=\"module_column tb-column col-full tb_ks77576 first\">\n                    <!-- module menu -->\n<div  class=\"module module-menu tb_eill98  mobile-menu-slide\" data-menu-style=\"mobile-menu-slide\" data-menu-breakpoint=\"0\" data-element-id=\"tb_eill98\" data-lazy=\"1\">\n        \n    <div class=\"module-menu-container\"><ul id=\"menu-en-menu-demarco-1\" class=\"ui tf_clearfix nav tf_rel tf_scrollbar fullwidth transparent\"><li class=\"menu-item-custom-10834 menu-item menu-item-type-custom menu-item-object-custom menu-item-10834\"><a href=\"https:\/\/www.sklep.demarco.pl\/pl\/\">SHOP<\/a><\/li>\n<li class=\"menu-item-page-10825 menu-item menu-item-type-post_type menu-item-object-page menu-item-10833\"><a href=\"https:\/\/www.sklep.demarco.pl\/blog\/en\/contact\/\">CONTACT<\/a><\/li>\n<li class=\"menu-item-custom-10835 menu-item menu-item-type-custom menu-item-object-custom menu-item-10835\"><a href=\"#pll_switcher\">J\u0119zyki<\/a><\/li>\n<\/ul><\/div>        <style>\n            .mobile-menu-module[data-module=\"tb_eill98\"]{\n                right:-300px            }\n        <\/style>\n    <\/div>\n<!-- \/module menu -->\n        <\/div>\n                        <\/div>\n        <\/div>\n                        <div  data-lazy=\"1\" class=\"module_row themify_builder_row tb_je71856 tf_w\">\n            <span  class=\"builder_row_cover tf_abs\" data-lazy=\"1\"><\/span>            <div class=\"row_inner col_align_top col_auto_height tb_col_count_3 tf_box tf_rel\">\n                        <div  data-lazy=\"1\" class=\"module_column tb-column col3-1 tb_s5t6857 first\">\n                    <!-- module image -->\n<div  class=\"module module-image tb_l37k857 image-center   tf_mw\" data-lazy=\"1\">\n        <div class=\"image-wrap tf_rel tf_mw\">\n            <a href=\"https:\/\/www.sklep.demarco.pl\/blog\/en\/\">\n                   <img loading=\"lazy\" decoding=\"async\" src=\"https:\/\/www.sklep.demarco.pl\/blog\/wp-content\/uploads\/2022\/06\/signal-2022-06-06-174448_001-281x81.png\" width=\"281\" height=\"81\" class=\"wp-post-image wp-image-7860\" title=\"signal-2022-06-06-174448_001\" alt=\"signal-2022-06-06-174448_001\">        <\/a>\n    \n        <\/div>\n    <!-- \/image-wrap -->\n    \n        <\/div>\n<!-- \/module image -->        <\/div>\n                    <div  data-lazy=\"1\" class=\"module_column tb-column col3-1 tb_2fl1858\">\n                    <!-- module text -->\n<div  class=\"module module-text tb_2ks8858  repeat \" data-lazy=\"1\">\n        <div  class=\"tb_text_wrap\">\n        <p style=\"text-align: center;\">info@sklep.demarco.pl<br \/>690325099 WhatsApp<\/p>    <\/div>\n<\/div>\n<!-- \/module text -->        <\/div>\n                    <div  data-lazy=\"1\" class=\"module_column tb-column col3-1 tb_vuv6858 last\">\n                    <!-- module widget -->\n<div  class=\"module module-widget tb_7glr858  \" data-lazy=\"1\">\n    <div class=\"widget sfsi\">\t\t<div class=\"sfsi_widget\" data-position=\"widget\" style=\"display:flex;flex-wrap:wrap;justify-content: left\">\n\t\t\t<div id='sfsi_wDiv'><\/div>\n\t\t\t<div class=\"norm_row sfsi_wDiv \"  style=\"width:210px;position:absolute;;text-align:left\"><div style='width:30px; height:30px;margin-left:5px;margin-bottom:5px; ' class='sfsi_wicons shuffeldiv ' ><div class='inerCnt'><a class=' sficn' data-effect='' target='_blank'  href='https:\/\/www.facebook.com\/DeMarco.Styl' id='sfsiid_facebook_icon' style='width:30px;height:30px;opacity:1;'  ><img data-pin-nopin='true' alt='Odwied\u017a Nas' title='Odwied\u017a Nas' src='https:\/\/www.sklep.demarco.pl\/blog\/wp-content\/uploads\/2016\/12\/\/custom_iconfacebook_skin.png' width='30' height='30' style='' class='sfcm sfsi_wicon ' data-effect=''   \/><\/a><\/div><\/div><div style='width:30px; height:30px;margin-left:5px;margin-bottom:5px; ' class='sfsi_wicons shuffeldiv ' ><div class='inerCnt'><a class=' sficn' data-effect='' target='_blank'  href='https:\/\/twitter.com\/fraczekwladysla' id='sfsiid_twitter_icon' style='width:30px;height:30px;opacity:1;'  ><img data-pin-nopin='true' alt='Twitter' title='Twitter' src='https:\/\/www.sklep.demarco.pl\/blog\/wp-content\/uploads\/2016\/12\/\/custom_icontwitter_skin.png' width='30' height='30' style='' class='sfcm sfsi_wicon ' data-effect=''   \/><\/a><\/div><\/div><div style='width:30px; height:30px;margin-left:5px;margin-bottom:5px; ' class='sfsi_wicons shuffeldiv ' ><div class='inerCnt'><a class=' sficn' data-effect='' target='_blank'  href='https:\/\/www.youtube.com\/channel\/UCq_m9AOUTFqk7c9sbWNiQ_A' id='sfsiid_youtube_icon' style='width:30px;height:30px;opacity:1;'  ><img data-pin-nopin='true' alt='' title='' src='https:\/\/www.sklep.demarco.pl\/blog\/wp-content\/uploads\/2016\/12\/\/custom_iconyoutube_skin.png' width='30' height='30' style='' class='sfcm sfsi_wicon ' data-effect=''   \/><\/a><\/div><\/div><div style='width:30px; height:30px;margin-left:5px;margin-bottom:5px; ' class='sfsi_wicons shuffeldiv ' ><div class='inerCnt'><a class=' sficn' data-effect='' target='_blank'  href='https:\/\/pl.pinterest.com\/luxury_fashion' id='sfsiid_pinterest_icon' style='width:30px;height:30px;opacity:1;'  ><img data-pin-nopin='true' alt='' title='' src='https:\/\/www.sklep.demarco.pl\/blog\/wp-content\/uploads\/2016\/12\/\/custom_iconpintrest_skin.png' width='30' height='30' style='' class='sfcm sfsi_wicon ' data-effect=''   \/><\/a><\/div><\/div><div style='width:30px; height:30px;margin-left:5px;margin-bottom:5px; ' class='sfsi_wicons shuffeldiv ' ><div class='inerCnt'><a class=' sficn' data-effect='' target='_blank'  href='https:\/\/www.instagram.com\/de_marco_styl\/' id='sfsiid_instagram_icon' style='width:30px;height:30px;opacity:1;'  ><img data-pin-nopin='true' alt='' title='' src='https:\/\/www.sklep.demarco.pl\/blog\/wp-content\/uploads\/2016\/12\/\/custom_iconinstagram_skin.png' width='30' height='30' style='' class='sfcm sfsi_wicon ' data-effect=''   \/><\/a><\/div><\/div><div style='width:30px; height:30px;margin-left:5px;margin-bottom:5px; ' class='sfsi_wicons shuffeldiv cmcls' ><div class='inerCnt'><a class=' sficn' data-effect='' target='_blank'  href='https:\/\/www.tiktok.com\/@de_marco_styl' id='sfsiid_custom_icon' style='width:30px;height:30px;opacity:1;'  ><img data-pin-nopin='true' alt='' title='' src='https:\/\/www.sklep.demarco.pl\/blog\/wp-content\/uploads\/2023\/06\/custom_icon0.png' width='30' height='30' style='' class='sfcm sfsi_wicon ' data-effect=''   \/><\/a><\/div><\/div><\/div ><div id=\"sfsi_holder\" class=\"sfsi_holders\" style=\"position: relative; float: left;width:100%;z-index:-1;\"><\/div ><script>window.addEventListener(\"sfsi_functions_loaded\", function()\n\t\t\t{\n\t\t\t\tif (typeof sfsi_widget_set == \"function\") {\n\t\t\t\t\tsfsi_widget_set();\n\t\t\t\t}\n\t\t\t}); <\/script>\t\t\t<div style=\"clear: both;\"><\/div>\n\t\t<\/div>\n\t<\/div><\/div>\n<!-- \/module widget -->\n        <\/div>\n                        <\/div>\n        <\/div>\n        <\/div>\n<!--\/themify_builder_content-->","protected":false},"excerpt":{"rendered":"<p>During the processing of an order placed through the De Marco online shop, we maintain e-mail contact. Please send all additional questions to renia@sklep.demarco.pl sklep.demarco@gmail.com.<\/p>\n","protected":false},"author":1,"featured_media":0,"parent":0,"menu_order":5,"comment_status":"closed","ping_status":"closed","template":"","meta":{"footnotes":"","_links_to":"","_links_to_target":""},"yoast_head":"<!-- This site is optimized with the Yoast SEO plugin v23.5 - https:\/\/yoast.com\/wordpress\/plugins\/seo\/ -->\n<title>Contact - De Marco<\/title>\n<meta name=\"robots\" content=\"index, follow, max-snippet:-1, max-image-preview:large, max-video-preview:-1\" \/>\n<link rel=\"canonical\" href=\"https:\/\/www.sklep.demarco.pl\/blog\/en\/contact\/\" \/>\n<meta property=\"og:locale\" content=\"pl_PL\" \/>\n<meta property=\"og:type\" content=\"article\" \/>\n<meta property=\"og:title\" content=\"Contact - De Marco\" \/>\n<meta property=\"og:description\" content=\"During the processing of an order placed through the De Marco online shop, we maintain e-mail contact. Please send all additional questions to renia@sklep.demarco.pl sklep.demarco@gmail.com.\" \/>\n<meta property=\"og:url\" content=\"https:\/\/www.sklep.demarco.pl\/blog\/en\/contact\/\" \/>\n<meta property=\"og:site_name\" content=\"De Marco\" \/>\n<meta property=\"article:publisher\" content=\"https:\/\/www.facebook.com\/DeMarco.Styl\" \/>\n<meta property=\"article:modified_time\" content=\"2023-07-28T14:57:42+00:00\" \/>\n<script type=\"application\/ld+json\" class=\"yoast-schema-graph\">{\"@context\":\"https:\/\/schema.org\",\"@graph\":[{\"@type\":\"WebPage\",\"@id\":\"https:\/\/www.sklep.demarco.pl\/blog\/en\/contact\/\",\"url\":\"https:\/\/www.sklep.demarco.pl\/blog\/en\/contact\/\",\"name\":\"Contact - De Marco\",\"isPartOf\":{\"@id\":\"https:\/\/www.sklep.demarco.pl\/blog\/#website\"},\"datePublished\":\"2013-07-24T10:40:13+00:00\",\"dateModified\":\"2023-07-28T14:57:42+00:00\",\"breadcrumb\":{\"@id\":\"https:\/\/www.sklep.demarco.pl\/blog\/en\/contact\/#breadcrumb\"},\"inLanguage\":\"pl-PL\",\"potentialAction\":[{\"@type\":\"ReadAction\",\"target\":[\"https:\/\/www.sklep.demarco.pl\/blog\/en\/contact\/\"]}]},{\"@type\":\"BreadcrumbList\",\"@id\":\"https:\/\/www.sklep.demarco.pl\/blog\/en\/contact\/#breadcrumb\",\"itemListElement\":[{\"@type\":\"ListItem\",\"position\":1,\"name\":\"Strona g\u0142\u00f3wna\",\"item\":\"https:\/\/www.sklep.demarco.pl\/blog\/\"},{\"@type\":\"ListItem\",\"position\":2,\"name\":\"Contact\"}]},{\"@type\":\"WebSite\",\"@id\":\"https:\/\/www.sklep.demarco.pl\/blog\/#website\",\"url\":\"https:\/\/www.sklep.demarco.pl\/blog\/\",\"name\":\"De Marco\",\"description\":\"The finest women&#039;s clothing manufacturer\",\"potentialAction\":[{\"@type\":\"SearchAction\",\"target\":{\"@type\":\"EntryPoint\",\"urlTemplate\":\"https:\/\/www.sklep.demarco.pl\/blog\/?s={search_term_string}\"},\"query-input\":{\"@type\":\"PropertyValueSpecification\",\"valueRequired\":true,\"valueName\":\"search_term_string\"}}],\"inLanguage\":\"pl-PL\"}]}<\/script>\n<!-- \/ Yoast SEO plugin. -->","yoast_head_json":{"title":"Contact - De Marco","robots":{"index":"index","follow":"follow","max-snippet":"max-snippet:-1","max-image-preview":"max-image-preview:large","max-video-preview":"max-video-preview:-1"},"canonical":"https:\/\/www.sklep.demarco.pl\/blog\/en\/contact\/","og_locale":"pl_PL","og_type":"article","og_title":"Contact - De Marco","og_description":"During the processing of an order placed through the De Marco online shop, we maintain e-mail contact. Please send all additional questions to renia@sklep.demarco.pl sklep.demarco@gmail.com.","og_url":"https:\/\/www.sklep.demarco.pl\/blog\/en\/contact\/","og_site_name":"De Marco","article_publisher":"https:\/\/www.facebook.com\/DeMarco.Styl","article_modified_time":"2023-07-28T14:57:42+00:00","schema":{"@context":"https:\/\/schema.org","@graph":[{"@type":"WebPage","@id":"https:\/\/www.sklep.demarco.pl\/blog\/en\/contact\/","url":"https:\/\/www.sklep.demarco.pl\/blog\/en\/contact\/","name":"Contact - De Marco","isPartOf":{"@id":"https:\/\/www.sklep.demarco.pl\/blog\/#website"},"datePublished":"2013-07-24T10:40:13+00:00","dateModified":"2023-07-28T14:57:42+00:00","breadcrumb":{"@id":"https:\/\/www.sklep.demarco.pl\/blog\/en\/contact\/#breadcrumb"},"inLanguage":"pl-PL","potentialAction":[{"@type":"ReadAction","target":["https:\/\/www.sklep.demarco.pl\/blog\/en\/contact\/"]}]},{"@type":"BreadcrumbList","@id":"https:\/\/www.sklep.demarco.pl\/blog\/en\/contact\/#breadcrumb","itemListElement":[{"@type":"ListItem","position":1,"name":"Strona g\u0142\u00f3wna","item":"https:\/\/www.sklep.demarco.pl\/blog\/"},{"@type":"ListItem","position":2,"name":"Contact"}]},{"@type":"WebSite","@id":"https:\/\/www.sklep.demarco.pl\/blog\/#website","url":"https:\/\/www.sklep.demarco.pl\/blog\/","name":"De Marco","description":"The finest women&#039;s clothing manufacturer","potentialAction":[{"@type":"SearchAction","target":{"@type":"EntryPoint","urlTemplate":"https:\/\/www.sklep.demarco.pl\/blog\/?s={search_term_string}"},"query-input":{"@type":"PropertyValueSpecification","valueRequired":true,"valueName":"search_term_string"}}],"inLanguage":"pl-PL"}]}},"builder_content":"<a href=\"https:\/\/www.sklep.demarco.pl\/blog\/en\/\"> <img src=\"https:\/\/www.sklep.demarco.pl\/blog\/wp-content\/uploads\/2022\/06\/signal-2022-06-06-174448_001-281x81.png\" width=\"281\" height=\"81\" title=\"signal-2022-06-06-174448_001\" alt=\"signal-2022-06-06-174448_001\"> <\/a>\n<ul id=\"menu-en-menu-demarco-2\"><li><a href=\"https:\/\/www.sklep.demarco.pl\/pl\/\">SHOP<\/a><\/li> <li><a href=\"https:\/\/www.sklep.demarco.pl\/blog\/en\/contact\/\">CONTACT<\/a><\/li> <li><a href=\"#pll_switcher\">J\u0119zyki<\/a><\/li> <\/ul>\n<h3><\/h3><iframe frameborder=\"0\" scrolling=\"no\" marginheight=\"0\" marginwidth=\"0\" src=\"https:\/\/maps.google.com\/maps?q=34-108+Frydrychowice%2C+ul.+Centralna+59&amp;t=m&amp;z=9&amp;output=embed&amp;iwloc=near\"><\/iframe>\n<h3 style=\"text-align: center;\">During the processing of an order placed through the De Marco online shop, <br \/>we maintain e-mail contact. <br \/>Please send all additional questions to <br \/>renia@sklep.demarco.pl <br \/>sklep.demarco@gmail.com.<\/h3>\n\n<p style=\"text-align: center;\">Fashion Salon De Marco<\/p> <p style=\"text-align: center;\">Wladyslawa Fr\u0105czek Atelier<\/p> <p style=\"text-align: center;\">34-108 Frydrychowice, ul. Centralna 59 <br \/>Poland<\/p> <p style=\"text-align: center;\"><a href=\"mailto:info@sklep.demarco.pl\">info@sklep.demarco.pl<\/a><br \/><a href=\"mailto:renia@sklep.demarco.pl\">renia@sklep.demarco.pl<\/a><br \/><a href=\"mailto:sklep.demarco@gmail.com\">sklep.demarco@gmail.com<\/a><\/p> <p style=\"text-align: center;\">690325099 WhatsApp<\/p>\n\n<p style=\"text-align: center;\">Transfer:<br \/>W\u0142adys\u0142awa Fr\u0105czek De Marco<br \/>34-108 Frydrychowice ul. Centralna 59<br \/>ING 40 1050 1100 1000 0023 2539 3664 \u00a0<br \/>International transfer:<br \/>Kod BIC SWIFT:<br \/>INGBPLPW<br \/>PL 40 1050 1100 1000 0023 2539 3664<\/p>\n\n<p style=\"text-align: center;\">E mail:\u00a0\u00a0 info@sklep.demarco.pl<br \/>690325099 WhatsApp<\/p>\n<h3><\/h3><iframe frameborder=\"0\" scrolling=\"no\" marginheight=\"0\" marginwidth=\"0\" src=\"https:\/\/maps.google.com\/maps?q=34-108+Frydrychowice%2C+ul.+Centralna+59&amp;t=m&amp;z=3&amp;output=embed&amp;iwloc=near\"><\/iframe>\n<ul id=\"menu-en-menu-demarco-3\"><li><a href=\"https:\/\/www.sklep.demarco.pl\/pl\/\">SHOP<\/a><\/li> <li><a href=\"https:\/\/www.sklep.demarco.pl\/blog\/en\/contact\/\">CONTACT<\/a><\/li> <li><a href=\"#pll_switcher\">J\u0119zyki<\/a><\/li> <\/ul>\n<a href=\"https:\/\/www.sklep.demarco.pl\/blog\/en\/\"> <img src=\"https:\/\/www.sklep.demarco.pl\/blog\/wp-content\/uploads\/2022\/06\/signal-2022-06-06-174448_001-281x81.png\" width=\"281\" height=\"81\" title=\"signal-2022-06-06-174448_001\" alt=\"signal-2022-06-06-174448_001\"> <\/a>\n<p style=\"text-align: center;\">info@sklep.demarco.pl<br \/>690325099 WhatsApp<\/p>\n<a class=' sficn' data-effect='' target='_blank' href='https:\/\/www.facebook.com\/DeMarco.Styl' id='sfsiid_facebook_icon' style='width:30px;height:30px;opacity:1;' ><img data-pin-nopin='true' alt='Odwied\u017a Nas' title='Odwied\u017a Nas' src='https:\/\/www.sklep.demarco.pl\/blog\/wp-content\/uploads\/2016\/12\/\/custom_iconfacebook_skin.png' width='30' height='30' style='' class='sfcm sfsi_wicon ' data-effect='' \/><\/a><a class=' sficn' data-effect='' target='_blank' href='https:\/\/twitter.com\/fraczekwladysla' id='sfsiid_twitter_icon' style='width:30px;height:30px;opacity:1;' ><img data-pin-nopin='true' alt='Twitter' title='Twitter' src='https:\/\/www.sklep.demarco.pl\/blog\/wp-content\/uploads\/2016\/12\/\/custom_icontwitter_skin.png' width='30' height='30' style='' class='sfcm sfsi_wicon ' data-effect='' \/><\/a><a class=' sficn' data-effect='' target='_blank' href='https:\/\/www.youtube.com\/channel\/UCq_m9AOUTFqk7c9sbWNiQ_A' id='sfsiid_youtube_icon' style='width:30px;height:30px;opacity:1;' ><img data-pin-nopin='true' alt='' title='' src='https:\/\/www.sklep.demarco.pl\/blog\/wp-content\/uploads\/2016\/12\/\/custom_iconyoutube_skin.png' width='30' height='30' style='' class='sfcm sfsi_wicon ' data-effect='' \/><\/a><a class=' sficn' data-effect='' target='_blank' href='https:\/\/pl.pinterest.com\/luxury_fashion' id='sfsiid_pinterest_icon' style='width:30px;height:30px;opacity:1;' ><img data-pin-nopin='true' alt='' title='' src='https:\/\/www.sklep.demarco.pl\/blog\/wp-content\/uploads\/2016\/12\/\/custom_iconpintrest_skin.png' width='30' height='30' style='' class='sfcm sfsi_wicon ' data-effect='' \/><\/a><a class=' sficn' data-effect='' target='_blank' href='https:\/\/www.instagram.com\/de_marco_styl\/' id='sfsiid_instagram_icon' style='width:30px;height:30px;opacity:1;' ><img data-pin-nopin='true' alt='' title='' src='https:\/\/www.sklep.demarco.pl\/blog\/wp-content\/uploads\/2016\/12\/\/custom_iconinstagram_skin.png' width='30' height='30' style='' class='sfcm sfsi_wicon ' data-effect='' \/><\/a><a class=' sficn' data-effect='' target='_blank' href='https:\/\/www.tiktok.com\/@de_marco_styl' id='sfsiid_custom_icon' style='width:30px;height:30px;opacity:1;' ><img data-pin-nopin='true' alt='' title='' src='https:\/\/www.sklep.demarco.pl\/blog\/wp-content\/uploads\/2023\/06\/custom_icon0.png' width='30' height='30' style='' class='sfcm sfsi_wicon ' data-effect='' \/><\/a>","_links":{"self":[{"href":"https:\/\/www.sklep.demarco.pl\/blog\/wp-json\/wp\/v2\/pages\/10825"}],"collection":[{"href":"https:\/\/www.sklep.demarco.pl\/blog\/wp-json\/wp\/v2\/pages"}],"about":[{"href":"https:\/\/www.sklep.demarco.pl\/blog\/wp-json\/wp\/v2\/types\/page"}],"author":[{"embeddable":true,"href":"https:\/\/www.sklep.demarco.pl\/blog\/wp-json\/wp\/v2\/users\/1"}],"replies":[{"embeddable":true,"href":"https:\/\/www.sklep.demarco.pl\/blog\/wp-json\/wp\/v2\/comments?post=10825"}],"version-history":[{"count":10,"href":"https:\/\/www.sklep.demarco.pl\/blog\/wp-json\/wp\/v2\/pages\/10825\/revisions"}],"predecessor-version":[{"id":12360,"href":"https:\/\/www.sklep.demarco.pl\/blog\/wp-json\/wp\/v2\/pages\/10825\/revisions\/12360"}],"wp:attachment":[{"href":"https:\/\/www.sklep.demarco.pl\/blog\/wp-json\/wp\/v2\/media?parent=10825"}],"curies":[{"name":"wp","href":"https:\/\/api.w.org\/{rel}","templated":true}]}}